{"id":592,"date":"2022-01-15T00:11:54","date_gmt":"2022-01-15T00:11:54","guid":{"rendered":"https:\/\/stockholmveteranopen.se\/?page_id=592"},"modified":"2024-10-12T19:22:41","modified_gmt":"2024-10-12T19:22:41","slug":"boende-middag-transport","status":"publish","type":"page","link":"https:\/\/stockholmveteranopen.se\/en\/boende-middag-transport\/","title":{"rendered":"Accommodation and dinner"},"content":{"rendered":"<div data-elementor-type=\"wp-page\" data-elementor-id=\"592\" class=\"elementor elementor-592\">\n\t\t\t\t\t\t<section class=\"elementor-section elementor-top-section elementor-element elementor-element-6f81wq1 elementor-section-boxed elementor-section-height-default elementor-section-height-default\" data-id=\"6f81wq1\" data-element_type=\"section\" data-e-type=\"section\">\n\t\t\t\t\t\t\t<div class=\"elementor-background-overlay\"><\/div>\n\t\t\t\t\t\t\t<div class=\"elementor-container elementor-column-gap-default\">\n\t\t\t\t\t<div class=\"elementor-column elementor-col-100 elementor-top-column elementor-element elementor-element-167bc27\" data-id=\"167bc27\" data-element_type=\"column\" data-e-type=\"column\">\n\t\t\t<div class=\"elementor-widget-wrap elementor-element-populated\">\n\t\t\t\t\t\t<div class=\"elementor-element elementor-element-3ecffa8 elementor-widget elementor-widget-heading\" data-id=\"3ecffa8\" data-element_type=\"widget\" data-e-type=\"widget\" data-widget_type=\"heading.default\">\n\t\t\t\t<div class=\"elementor-widget-container\">\n\t\t\t\t\t<h1 class=\"elementor-heading-title elementor-size-default\">Accommodation and dinner<\/h1>\t\t\t\t<\/div>\n\t\t\t\t<\/div>\n\t\t\t\t<section class=\"elementor-section elementor-inner-section elementor-element elementor-element-2320c17 elementor-section-boxed elementor-section-height-default elementor-section-height-default\" data-id=\"2320c17\" data-element_type=\"section\" data-e-type=\"section\">\n\t\t\t\t\t\t<div class=\"elementor-container elementor-column-gap-default\">\n\t\t\t\t\t<div class=\"elementor-column elementor-col-50 elementor-inner-column elementor-element elementor-element-2cb1211\" data-id=\"2cb1211\" data-element_type=\"column\" data-e-type=\"column\">\n\t\t\t<div class=\"elementor-widget-wrap elementor-element-populated\">\n\t\t\t\t\t\t<div class=\"elementor-element elementor-element-15a2146 elementor-widget elementor-widget-text-editor\" data-id=\"15a2146\" data-element_type=\"widget\" data-e-type=\"widget\" data-widget_type=\"text-editor.default\">\n\t\t\t\t<div class=\"elementor-widget-container\">\n\t\t\t\t\t\t\t\t\t<p>Accommodation will be offered at the conference farm Happy Tammsvik, 15 minutes by car from the hall. Happy Tammsvik offers, in addition to nice rooms, a relaxation area with pool, sauna and bar. Happy Tammsvik's restaurant is very high class and we expect that the dinner on Saturday evening will be as good as two years ago. After dinner there is a pub and community areas to enjoy during the evening. Please visit Happy Tammsvik's website for more details,\u00a0<a style=\"font-size: 1rem;\" href=\"http:\/\/www.happytammsvik.se\" target=\"_blank\" rel=\"noopener\">www.happytammsvik.se<\/a><\/p>\t\t\t\t\t\t\t\t<\/div>\n\t\t\t\t<\/div>\n\t\t\t\t<div class=\"elementor-element elementor-element-0126951 elementor-widget elementor-widget-text-editor\" data-id=\"0126951\" data-element_type=\"widget\" data-e-type=\"widget\" data-widget_type=\"text-editor.default\">\n\t\t\t\t<div class=\"elementor-widget-container\">\n\t\t\t\t\t\t\t\t\t<p>After negotiations with Happy Tammsvik, we can offer these prices:<\/p>\n<ul>\n<li>Single room SEK 950<\/li>\n<li>Double room SEK 1350 per room<\/li>\n<li>3-course dinner Saturday evening SEK 455<\/li>\n<\/ul>\n<p>We have reserved a fairly large number of rooms Saturday-Sunday and also Friday-Saturday. On Friday evening, it will be possible to eat from the regular menu at Happy Tammsvik.<\/p>\n<p>We will make sure that there is transport available between the hall and Happy Tammsvik for those who do not come in their own car. Requests for a ride between the hall and accommodation can also be made via the website.<\/p>\n<p>Accommodation and food must be reported by January 12 at the latest. Cancellation of ordered accommodation and dinner must take place no later than Thursday 30 January in order for us to refund the money paid.<\/p>\t\t\t\t\t\t\t\t<\/div>\n\t\t\t\t<\/div>\n\t\t\t\t<div class=\"elementor-element elementor-element-5731f04 elementor-widget elementor-widget-heading\" data-id=\"5731f04\" data-element_type=\"widget\" data-e-type=\"widget\" data-widget_type=\"heading.default\">\n\t\t\t\t<div class=\"elementor-widget-container\">\n\t\t\t\t\t<h2 class=\"elementor-heading-title elementor-size-default\">Find Happy Tammsvik<\/h2>\t\t\t\t<\/div>\n\t\t\t\t<\/div>\n\t\t\t\t<div class=\"elementor-element elementor-element-6d55c68 elementor-widget elementor-widget-google_maps\" data-id=\"6d55c68\" data-element_type=\"widget\" data-e-type=\"widget\" data-widget_type=\"google_maps.default\">\n\t\t\t\t<div class=\"elementor-widget-container\">\n\t\t\t\t\t\t\t<div class=\"elementor-custom-embed\">\n\t\t\t<iframe loading=\"lazy\"\n\t\t\t\t\tsrc=\"https:\/\/maps.google.com\/maps?q=Happy%20tammsvik&#038;t=m&#038;z=10&#038;output=embed&#038;iwloc=near\"\n\t\t\t\t\ttitle=\"Happy tammsvik\"\n\t\t\t\t\taria-label=\"Happy tammsvik\"\n\t\t\t><\/iframe>\n\t\t<\/div>\n\t\t\t\t\t\t<\/div>\n\t\t\t\t<\/div>\n\t\t\t\t\t<\/div>\n\t\t<\/div>\n\t\t\t\t<div class=\"elementor-column elementor-col-50 elementor-inner-column elementor-element elementor-element-686970c\" data-id=\"686970c\" data-element_type=\"column\" data-e-type=\"column\" data-settings=\"{&quot;background_background&quot;:&quot;classic&quot;}\">\n\t\t\t<div class=\"elementor-widget-wrap elementor-element-populated\">\n\t\t\t\t\t\t<div class=\"elementor-element elementor-element-624bfb0 elementor-widget elementor-widget-heading\" data-id=\"624bfb0\" data-element_type=\"widget\" data-e-type=\"widget\" data-widget_type=\"heading.default\">\n\t\t\t\t<div class=\"elementor-widget-container\">\n\t\t\t\t\t<h3 class=\"elementor-heading-title elementor-size-default\">Register accommodation and dinner<\/h3>\t\t\t\t<\/div>\n\t\t\t\t<\/div>\n\t\t\t\t<div class=\"elementor-element elementor-element-73096f7 elementor-widget elementor-widget-text-editor\" data-id=\"73096f7\" data-element_type=\"widget\" data-e-type=\"widget\" data-widget_type=\"text-editor.default\">\n\t\t\t\t<div class=\"elementor-widget-container\">\n\t\t\t\t\t\t\t\t\t<p>Registration should be done by sending an e-mail to: lasse.ericsson@live.se<\/p><p>Register Accommodation and Dinner with the follwing information in the email:<br \/><span style=\"font-style: inherit; font-weight: inherit; background-color: var(--ast-global-color-4); color: var(--ast-global-color-3);\">Name*<br \/><\/span><span style=\"font-style: inherit; font-weight: inherit; background-color: var(--ast-global-color-4); color: var(--ast-global-color-3);\">Email *<br \/><\/span><span style=\"font-style: inherit; font-weight: inherit; background-color: var(--ast-global-color-4); color: var(--ast-global-color-3);\">Phone number*<br \/><\/span><span style=\"font-style: inherit; font-weight: inherit; background-color: var(--ast-global-color-4); color: var(--ast-global-color-3);\">Single or double bed room<br \/><\/span><span style=\"font-style: inherit; font-weight: inherit; background-color: var(--ast-global-color-4); color: var(--ast-global-color-3);\">Accommodation dates<br \/><\/span><span style=\"font-style: inherit; font-weight: inherit; background-color: var(--ast-global-color-4); color: var(--ast-global-color-3);\">\u00a0 \u00a0 \u00a0 \u00a0 \u00a0 \u00a0 Fredag-l\u00f6rdag, 7-8\/2?<br \/><\/span><span style=\"font-style: inherit; font-weight: inherit; background-color: var(--ast-global-color-4); color: var(--ast-global-color-3);\">\u00a0 \u00a0 \u00a0 \u00a0 \u00a0 \u00a0 L\u00f6rdag-s\u00f6ndag, 8-9\/2?<br \/><\/span><span style=\"font-style: inherit; font-weight: inherit; background-color: var(--ast-global-color-4); color: var(--ast-global-color-3);\">I<\/span><span style=\"font-style: inherit; font-weight: inherit; background-color: var(--ast-global-color-4); color: var(--ast-global-color-3);\">f you need coordination of transport between residents and the hall<br \/><\/span><span style=\"font-style: inherit; font-weight: inherit; background-color: var(--ast-global-color-4); color: var(--ast-global-color-3);\">\u00a0 \u00a0 \u00a0 \u00a0 \u00a0 \u00a0 \u00a0<\/span><span style=\"font-style: inherit; font-weight: inherit; color: var(--ast-global-color-3); background-color: var(--ast-global-color-4);\">Saturday morning<br \/><\/span><span style=\"background-color: var(--ast-global-color-4); color: var(--ast-global-color-3); font-style: inherit; font-weight: inherit;\">\u00a0 \u00a0 \u00a0 \u00a0 \u00a0 \u00a0 \u00a0Saturday evening<br \/><\/span><span style=\"background-color: var(--ast-global-color-4); color: var(--ast-global-color-3); font-style: inherit; font-weight: inherit;\">\u00a0 \u00a0 \u00a0 \u00a0 \u00a0 \u00a0 \u00a0Sunday morning<br \/><\/span><span style=\"background-color: var(--ast-global-color-4); color: var(--ast-global-color-3); font-style: inherit; font-weight: inherit;\">Registration of Dinner and allergies<\/span><\/p>\t\t\t\t\t\t\t\t<\/div>\n\t\t\t\t<\/div>\n\t\t\t\t\t<\/div>\n\t\t<\/div>\n\t\t\t\t\t<\/div>\n\t\t<\/section>\n\t\t\t\t\t<\/div>\n\t\t<\/div>\n\t\t\t\t\t<\/div>\n\t\t<\/section>\n\t\t\t\t<\/div>","protected":false},"excerpt":{"rendered":"<p>BOENDE och MIDDAG Boende kommer att erbjudas p\u00e5 konferensg\u00e5rden Happy Tammsvik, 15 minuter med bil fr\u00e5n hallen. Happy Tammsvik erbjuder, f\u00f6rutom fina rum, en relaxavdelning med pool, bastu och bar. Happy Tammsviks restaurang h\u00e5ller mycket h\u00f6g klass och vi r\u00e4knar med att middagen l\u00f6rdag kv\u00e4ll kommer att bli lika bra som f\u00f6r tv\u00e5 \u00e5r sedan. &hellip;<\/p>\n<p class=\"read-more\"> <a class=\"\" href=\"https:\/\/stockholmveteranopen.se\/en\/boende-middag-transport\/\"> <span class=\"screen-reader-text\">Accommodation and dinner<\/span> Read More &raquo;<\/a><\/p>","protected":false},"author":1,"featured_media":0,"parent":0,"menu_order":0,"comment_status":"closed","ping_status":"closed","template":"","meta":{"site-sidebar-layout":"no-sidebar","site-content-layout":"page-builder","ast-global-header-display":"","ast-main-header-display":"","ast-hfb-above-header-display":"","ast-hfb-below-header-display":"","ast-hfb-mobile-header-display":"","site-post-title":"disabled","ast-breadcrumbs-content":"","ast-featured-img":"disabled","footer-sml-layout":"","theme-transparent-header-meta":"enabled","adv-header-id-meta":"","stick-header-meta":"","header-above-stick-meta":"","header-main-stick-meta":"","header-below-stick-meta":"","footnotes":""},"class_list":["post-592","page","type-page","status-publish","hentry"],"_links":{"self":[{"href":"https:\/\/stockholmveteranopen.se\/en\/wp-json\/wp\/v2\/pages\/592","targetHints":{"allow":["GET"]}}],"collection":[{"href":"https:\/\/stockholmveteranopen.se\/en\/wp-json\/wp\/v2\/pages"}],"about":[{"href":"https:\/\/stockholmveteranopen.se\/en\/wp-json\/wp\/v2\/types\/page"}],"author":[{"embeddable":true,"href":"https:\/\/stockholmveteranopen.se\/en\/wp-json\/wp\/v2\/users\/1"}],"replies":[{"embeddable":true,"href":"https:\/\/stockholmveteranopen.se\/en\/wp-json\/wp\/v2\/comments?post=592"}],"version-history":[{"count":116,"href":"https:\/\/stockholmveteranopen.se\/en\/wp-json\/wp\/v2\/pages\/592\/revisions"}],"predecessor-version":[{"id":1963,"href":"https:\/\/stockholmveteranopen.se\/en\/wp-json\/wp\/v2\/pages\/592\/revisions\/1963"}],"wp:attachment":[{"href":"https:\/\/stockholmveteranopen.se\/en\/wp-json\/wp\/v2\/media?parent=592"}],"curies":[{"name":"wp","href":"https:\/\/api.w.org\/{rel}","templated":true}]}}