{"id":6,"date":"2018-11-26T12:45:27","date_gmt":"2018-11-26T12:45:27","guid":{"rendered":"https:\/\/stockholmveteranopen.se\/home\/"},"modified":"2025-02-07T21:00:47","modified_gmt":"2025-02-07T21:00:47","slug":"home","status":"publish","type":"page","link":"https:\/\/stockholmveteranopen.se\/en\/","title":{"rendered":"Home"},"content":{"rendered":"<div data-elementor-type=\"wp-post\" data-elementor-id=\"6\" class=\"elementor elementor-6\">\n\t\t\t\t\t\t<section class=\"elementor-section elementor-top-section elementor-element elementor-element-567911d elementor-section-content-middle elementor-section-boxed elementor-section-height-default elementor-section-height-default\" data-id=\"567911d\" data-element_type=\"section\" data-e-type=\"section\" data-settings=\"{&quot;background_background&quot;:&quot;classic&quot;}\">\n\t\t\t\t\t\t\t<div class=\"elementor-background-overlay\"><\/div>\n\t\t\t\t\t\t\t<div class=\"elementor-container elementor-column-gap-no\">\n\t\t\t\t\t<div class=\"elementor-column elementor-col-100 elementor-top-column elementor-element elementor-element-b3743c8\" data-id=\"b3743c8\" data-element_type=\"column\" data-e-type=\"column\">\n\t\t\t<div class=\"elementor-widget-wrap elementor-element-populated\">\n\t\t\t\t\t\t<div class=\"elementor-element elementor-element-82092e7 elementor-widget elementor-widget-heading\" data-id=\"82092e7\" data-element_type=\"widget\" data-e-type=\"widget\" data-widget_type=\"heading.default\">\n\t\t\t\t<div class=\"elementor-widget-container\">\n\t\t\t\t\t<h1 class=\"elementor-heading-title elementor-size-xl\">Fourth edition of<br>Stockholm Veteran Open<\/h1>\t\t\t\t<\/div>\n\t\t\t\t<\/div>\n\t\t\t\t<div class=\"elementor-element elementor-element-a603242 elementor-widget elementor-widget-text-editor\" data-id=\"a603242\" data-element_type=\"widget\" data-e-type=\"widget\" data-widget_type=\"text-editor.default\">\n\t\t\t\t<div class=\"elementor-widget-container\">\n\t\t\t\t\t\t\t\t\t<p>8-9 February 2025<\/p>\n<p>The season's competition will be played in Kungs\u00e4ngen&nbsp;<\/p>\t\t\t\t\t\t\t\t<\/div>\n\t\t\t\t<\/div>\n\t\t\t\t<div class=\"elementor-element elementor-element-2a20fb4 align-center elementor-widget elementor-widget-text-editor\" data-id=\"2a20fb4\" data-element_type=\"widget\" data-e-type=\"widget\" data-widget_type=\"text-editor.default\">\n\t\t\t\t<div class=\"elementor-widget-container\">\n\t\t\t\t\t\t\t\t\t<p><img decoding=\"async\" class=\"alignnone size-full wp-image-727\" src=\"https:\/\/stockholmveteranopen.se\/wp-content\/uploads\/2022\/01\/Kungsangen-Logo.png\" alt=\"\" width=\"200\" height=\"200\" srcset=\"https:\/\/stockholmveteranopen.se\/wp-content\/uploads\/2022\/01\/Kungsangen-Logo.png 250w, https:\/\/stockholmveteranopen.se\/wp-content\/uploads\/2022\/01\/Kungsangen-Logo-150x150.png 150w\" sizes=\"(max-width: 200px) 100vw, 200px\" \/><\/p><p>\u00a0<\/p><p><img decoding=\"async\" class=\"alignnone size-full wp-image-729\" src=\"https:\/\/stockholmveteranopen.se\/wp-content\/uploads\/2022\/01\/Sparvagen-logo.png\" alt=\"\" width=\"200\" height=\"200\" srcset=\"https:\/\/stockholmveteranopen.se\/wp-content\/uploads\/2022\/01\/Sparvagen-logo.png 250w, https:\/\/stockholmveteranopen.se\/wp-content\/uploads\/2022\/01\/Sparvagen-logo-150x150.png 150w\" sizes=\"(max-width: 200px) 100vw, 200px\" \/><\/p><p><img decoding=\"async\" class=\"alignnone size-full wp-image-730\" src=\"https:\/\/stockholmveteranopen.se\/wp-content\/uploads\/2022\/01\/Vasteras-Logo.png\" alt=\"\" width=\"200\" height=\"200\" srcset=\"https:\/\/stockholmveteranopen.se\/wp-content\/uploads\/2022\/01\/Vasteras-Logo.png 250w, https:\/\/stockholmveteranopen.se\/wp-content\/uploads\/2022\/01\/Vasteras-Logo-150x150.png 150w\" sizes=\"(max-width: 200px) 100vw, 200px\" \/><\/p>\t\t\t\t\t\t\t\t<\/div>\n\t\t\t\t<\/div>\n\t\t\t\t<section class=\"elementor-section elementor-inner-section elementor-element elementor-element-af75872 elementor-section-boxed elementor-section-height-default elementor-section-height-default\" data-id=\"af75872\" data-element_type=\"section\" data-e-type=\"section\">\n\t\t\t\t\t\t<div class=\"elementor-container elementor-column-gap-default\">\n\t\t\t\t\t<div class=\"elementor-column elementor-col-33 elementor-inner-column elementor-element elementor-element-3d8f9bd\" data-id=\"3d8f9bd\" data-element_type=\"column\" data-e-type=\"column\">\n\t\t\t<div class=\"elementor-widget-wrap elementor-element-populated\">\n\t\t\t\t\t\t<div class=\"elementor-element elementor-element-eef75c9 elementor-align-center elementor-widget elementor-widget-button\" data-id=\"eef75c9\" data-element_type=\"widget\" data-e-type=\"widget\" data-widget_type=\"button.default\">\n\t\t\t\t<div class=\"elementor-widget-container\">\n\t\t\t\t\t\t\t\t\t<div class=\"elementor-button-wrapper\">\n\t\t\t\t\t<a class=\"elementor-button elementor-button-link elementor-size-sm\" href=\"https:\/\/stockholmveteranopen.se\/en\/nyheter\/\">\n\t\t\t\t\t\t<span class=\"elementor-button-content-wrapper\">\n\t\t\t\t\t\t\t\t\t<span class=\"elementor-button-text\">News<\/span>\n\t\t\t\t\t<\/span>\n\t\t\t\t\t<\/a>\n\t\t\t\t<\/div>\n\t\t\t\t\t\t\t\t<\/div>\n\t\t\t\t<\/div>\n\t\t\t\t\t<\/div>\n\t\t<\/div>\n\t\t\t\t<div class=\"elementor-column elementor-col-33 elementor-inner-column elementor-element elementor-element-677de72\" data-id=\"677de72\" data-element_type=\"column\" data-e-type=\"column\">\n\t\t\t<div class=\"elementor-widget-wrap elementor-element-populated\">\n\t\t\t\t\t\t<div class=\"elementor-element elementor-element-978be7e elementor-align-center elementor-widget elementor-widget-button\" data-id=\"978be7e\" data-element_type=\"widget\" data-e-type=\"widget\" data-widget_type=\"button.default\">\n\t\t\t\t<div class=\"elementor-widget-container\">\n\t\t\t\t\t\t\t\t\t<div class=\"elementor-button-wrapper\">\n\t\t\t\t\t<a class=\"elementor-button elementor-button-link elementor-size-sm\" href=\"https:\/\/stockholmveteranopen.se\/en\/tavlings-anmalan\/\">\n\t\t\t\t\t\t<span class=\"elementor-button-content-wrapper\">\n\t\t\t\t\t\t\t\t\t<span class=\"elementor-button-text\">Competition registration<\/span>\n\t\t\t\t\t<\/span>\n\t\t\t\t\t<\/a>\n\t\t\t\t<\/div>\n\t\t\t\t\t\t\t\t<\/div>\n\t\t\t\t<\/div>\n\t\t\t\t\t<\/div>\n\t\t<\/div>\n\t\t\t\t<div class=\"elementor-column elementor-col-33 elementor-inner-column elementor-element elementor-element-3a91c15\" data-id=\"3a91c15\" data-element_type=\"column\" data-e-type=\"column\">\n\t\t\t<div class=\"elementor-widget-wrap elementor-element-populated\">\n\t\t\t\t\t\t<div class=\"elementor-element elementor-element-baa9269 elementor-align-center elementor-widget elementor-widget-button\" data-id=\"baa9269\" data-element_type=\"widget\" data-e-type=\"widget\" data-widget_type=\"button.default\">\n\t\t\t\t<div class=\"elementor-widget-container\">\n\t\t\t\t\t\t\t\t\t<div class=\"elementor-button-wrapper\">\n\t\t\t\t\t<a class=\"elementor-button elementor-button-link elementor-size-sm\" href=\"https:\/\/stockholmveteranopen.se\/en\/inbjudan\/\">\n\t\t\t\t\t\t<span class=\"elementor-button-content-wrapper\">\n\t\t\t\t\t\t\t\t\t<span class=\"elementor-button-text\">Invitation\/program<\/span>\n\t\t\t\t\t<\/span>\n\t\t\t\t\t<\/a>\n\t\t\t\t<\/div>\n\t\t\t\t\t\t\t\t<\/div>\n\t\t\t\t<\/div>\n\t\t\t\t\t<\/div>\n\t\t<\/div>\n\t\t\t\t\t<\/div>\n\t\t<\/section>\n\t\t\t\t<section class=\"elementor-section elementor-inner-section elementor-element elementor-element-0002d29 elementor-section-boxed elementor-section-height-default elementor-section-height-default\" data-id=\"0002d29\" data-element_type=\"section\" data-e-type=\"section\">\n\t\t\t\t\t\t<div class=\"elementor-container elementor-column-gap-default\">\n\t\t\t\t\t<div class=\"elementor-column elementor-col-50 elementor-inner-column elementor-element elementor-element-7fcf159\" data-id=\"7fcf159\" data-element_type=\"column\" data-e-type=\"column\">\n\t\t\t<div class=\"elementor-widget-wrap elementor-element-populated\">\n\t\t\t\t\t\t<div class=\"elementor-element elementor-element-cffc516 elementor-align-center elementor-widget elementor-widget-button\" data-id=\"cffc516\" data-element_type=\"widget\" data-e-type=\"widget\" data-widget_type=\"button.default\">\n\t\t\t\t<div class=\"elementor-widget-container\">\n\t\t\t\t\t\t\t\t\t<div class=\"elementor-button-wrapper\">\n\t\t\t\t\t<a class=\"elementor-button elementor-button-link elementor-size-sm\" href=\"https:\/\/www.twitch.tv\/framom1\" target=\"_blank\" rel=\"noopener\">\n\t\t\t\t\t\t<span class=\"elementor-button-content-wrapper\">\n\t\t\t\t\t\t\t\t\t<span class=\"elementor-button-text\">Stream 1<\/span>\n\t\t\t\t\t<\/span>\n\t\t\t\t\t<\/a>\n\t\t\t\t<\/div>\n\t\t\t\t\t\t\t\t<\/div>\n\t\t\t\t<\/div>\n\t\t\t\t\t<\/div>\n\t\t<\/div>\n\t\t\t\t<div class=\"elementor-column elementor-col-50 elementor-inner-column elementor-element elementor-element-c552d82\" data-id=\"c552d82\" data-element_type=\"column\" data-e-type=\"column\">\n\t\t\t<div class=\"elementor-widget-wrap elementor-element-populated\">\n\t\t\t\t\t\t<div class=\"elementor-element elementor-element-2b0f133 elementor-align-center elementor-widget elementor-widget-button\" data-id=\"2b0f133\" data-element_type=\"widget\" data-e-type=\"widget\" data-widget_type=\"button.default\">\n\t\t\t\t<div class=\"elementor-widget-container\">\n\t\t\t\t\t\t\t\t\t<div class=\"elementor-button-wrapper\">\n\t\t\t\t\t<a class=\"elementor-button elementor-button-link elementor-size-sm\" href=\"https:\/\/www.twitch.tv\/framom2\" target=\"_blank\" rel=\"noopener\">\n\t\t\t\t\t\t<span class=\"elementor-button-content-wrapper\">\n\t\t\t\t\t\t\t\t\t<span class=\"elementor-button-text\">Stream 2<\/span>\n\t\t\t\t\t<\/span>\n\t\t\t\t\t<\/a>\n\t\t\t\t<\/div>\n\t\t\t\t\t\t\t\t<\/div>\n\t\t\t\t<\/div>\n\t\t\t\t\t<\/div>\n\t\t<\/div>\n\t\t\t\t\t<\/div>\n\t\t<\/section>\n\t\t\t\t<div class=\"elementor-element elementor-element-e2fa0d5 elementor-view-default elementor-widget elementor-widget-icon\" data-id=\"e2fa0d5\" data-element_type=\"widget\" data-e-type=\"widget\" data-widget_type=\"icon.default\">\n\t\t\t\t<div class=\"elementor-widget-container\">\n\t\t\t\t\t\t\t<div class=\"elementor-icon-wrapper\">\n\t\t\t<div class=\"elementor-icon\">\n\t\t\t<i aria-hidden=\"true\" class=\"fas fa-long-arrow-alt-down\"><\/i>\t\t\t<\/div>\n\t\t<\/div>\n\t\t\t\t\t\t<\/div>\n\t\t\t\t<\/div>\n\t\t\t\t\t<\/div>\n\t\t<\/div>\n\t\t\t\t\t<\/div>\n\t\t<\/section>\n\t\t\t\t<section class=\"elementor-section elementor-top-section elementor-element elementor-element-7d71124 elementor-section-boxed elementor-section-height-default elementor-section-height-default\" data-id=\"7d71124\" data-element_type=\"section\" data-e-type=\"section\">\n\t\t\t\t\t\t\t<div class=\"elementor-background-overlay\"><\/div>\n\t\t\t\t\t\t\t<div class=\"elementor-container elementor-column-gap-no\">\n\t\t\t\t\t<div class=\"elementor-column elementor-col-100 elementor-top-column elementor-element elementor-element-8b03254\" data-id=\"8b03254\" data-element_type=\"column\" data-e-type=\"column\">\n\t\t\t<div class=\"elementor-widget-wrap elementor-element-populated\">\n\t\t\t\t\t\t<div class=\"elementor-element elementor-element-6754949 elementor-widget elementor-widget-heading\" data-id=\"6754949\" data-element_type=\"widget\" data-e-type=\"widget\" data-widget_type=\"heading.default\">\n\t\t\t\t<div class=\"elementor-widget-container\">\n\t\t\t\t\t<h2 class=\"elementor-heading-title elementor-size-default\">Our sponsors<\/h2>\t\t\t\t<\/div>\n\t\t\t\t<\/div>\n\t\t\t\t\t<\/div>\n\t\t<\/div>\n\t\t\t\t\t<\/div>\n\t\t<\/section>\n\t\t\t\t<section class=\"elementor-section elementor-top-section elementor-element elementor-element-36db80a elementor-section-content-middle elementor-reverse-tablet elementor-reverse-mobile elementor-section-boxed elementor-section-height-default elementor-section-height-default\" data-id=\"36db80a\" data-element_type=\"section\" data-e-type=\"section\" data-settings=\"{&quot;background_background&quot;:&quot;classic&quot;}\">\n\t\t\t\t\t\t\t<div class=\"elementor-background-overlay\"><\/div>\n\t\t\t\t\t\t\t<div class=\"elementor-container elementor-column-gap-no\">\n\t\t\t\t\t<div class=\"elementor-column elementor-col-50 elementor-top-column elementor-element elementor-element-f448a4e\" data-id=\"f448a4e\" data-element_type=\"column\" data-e-type=\"column\">\n\t\t\t<div class=\"elementor-widget-wrap elementor-element-populated\">\n\t\t\t\t\t\t<div class=\"elementor-element elementor-element-82cc9c2 gallery-spacing-custom elementor-widget elementor-widget-image-gallery\" data-id=\"82cc9c2\" data-element_type=\"widget\" data-e-type=\"widget\" data-widget_type=\"image-gallery.default\">\n\t\t\t\t<div class=\"elementor-widget-container\">\n\t\t\t\t\t\t\t<div class=\"elementor-image-gallery\">\n\t\t\t<div id='gallery-1' class='gallery galleryid-6 gallery-columns-1 gallery-size-full'><figure class='gallery-item'>\n\t\t\t<div class='gallery-icon landscape'>\n\t\t\t\t<a data-elementor-open-lightbox=\"yes\" data-elementor-lightbox-slideshow=\"82cc9c2\" data-elementor-lightbox-title=\"Tammsvik-logo-vit\" data-e-action-hash=\"#elementor-action%3Aaction%3Dlightbox%26settings%3DeyJpZCI6MTkzMiwidXJsIjoiaHR0cHM6XC9cL3N0b2NraG9sbXZldGVyYW5vcGVuLnNlXC93cC1jb250ZW50XC91cGxvYWRzXC8yMDI0XC8xMFwvVGFtbXN2aWstbG9nby12aXQtMS5wbmciLCJzbGlkZXNob3ciOiI4MmNjOWMyIn0%3D\" href=\"https:\/\/stockholmveteranopen.se\/wp-content\/uploads\/2024\/10\/Tammsvik-logo-vit-1.png\"><img loading=\"lazy\" decoding=\"async\" width=\"1341\" height=\"336\" src=\"https:\/\/stockholmveteranopen.se\/wp-content\/uploads\/2024\/10\/Tammsvik-logo-vit-1.png\" class=\"attachment-full size-full\" alt=\"\" srcset=\"https:\/\/stockholmveteranopen.se\/wp-content\/uploads\/2024\/10\/Tammsvik-logo-vit-1.png 1341w, https:\/\/stockholmveteranopen.se\/wp-content\/uploads\/2024\/10\/Tammsvik-logo-vit-1-300x75.png 300w, https:\/\/stockholmveteranopen.se\/wp-content\/uploads\/2024\/10\/Tammsvik-logo-vit-1-1024x257.png 1024w, https:\/\/stockholmveteranopen.se\/wp-content\/uploads\/2024\/10\/Tammsvik-logo-vit-1-768x192.png 768w, https:\/\/stockholmveteranopen.se\/wp-content\/uploads\/2024\/10\/Tammsvik-logo-vit-1-18x5.png 18w\" sizes=\"(max-width: 1341px) 100vw, 1341px\" \/><\/a>\n\t\t\t<\/div><\/figure>\n\t\t<\/div>\n\t\t<\/div>\n\t\t\t\t\t\t<\/div>\n\t\t\t\t<\/div>\n\t\t\t\t\t<\/div>\n\t\t<\/div>\n\t\t\t\t<div class=\"elementor-column elementor-col-50 elementor-top-column elementor-element elementor-element-9680ba5\" data-id=\"9680ba5\" data-element_type=\"column\" data-e-type=\"column\">\n\t\t\t<div class=\"elementor-widget-wrap elementor-element-populated\">\n\t\t\t\t\t\t<div class=\"elementor-element elementor-element-32abf43 gallery-spacing-custom elementor-widget elementor-widget-image-gallery\" data-id=\"32abf43\" data-element_type=\"widget\" data-e-type=\"widget\" data-widget_type=\"image-gallery.default\">\n\t\t\t\t<div class=\"elementor-widget-container\">\n\t\t\t\t\t\t\t<div class=\"elementor-image-gallery\">\n\t\t\t<div id='gallery-2' class='gallery galleryid-6 gallery-columns-4 gallery-size-thumbnail'><figure class='gallery-item'>\n\t\t\t<div class='gallery-icon landscape'>\n\t\t\t\t<a data-elementor-open-lightbox=\"yes\" data-elementor-lightbox-slideshow=\"32abf43\" data-elementor-lightbox-title=\"https:\/\/framomevents.com\/se\/\" data-e-action-hash=\"#elementor-action%3Aaction%3Dlightbox%26settings%3DeyJpZCI6MTc3MSwidXJsIjoiaHR0cHM6XC9cL3N0b2NraG9sbXZldGVyYW5vcGVuLnNlXC93cC1jb250ZW50XC91cGxvYWRzXC8yMDI0XC8wMVwvZnJhbW9tX2V2ZW50c19pY29uLTEuc3ZnIiwic2xpZGVzaG93IjoiMzJhYmY0MyJ9\" href=\"https:\/\/stockholmveteranopen.se\/wp-content\/uploads\/2024\/01\/framom_events_icon-1.svg\"><img loading=\"lazy\" decoding=\"async\" width=\"150\" height=\"150\" src=\"https:\/\/stockholmveteranopen.se\/wp-content\/uploads\/2024\/01\/framom_events_icon-1.svg\" class=\"attachment-thumbnail size-thumbnail\" alt=\"https:\/\/framomevents.com\/se\/\" \/><\/a>\n\t\t\t<\/div><\/figure><figure class='gallery-item'>\n\t\t\t<div class='gallery-icon landscape'>\n\t\t\t\t<a data-elementor-open-lightbox=\"yes\" data-elementor-lightbox-slideshow=\"32abf43\" data-elementor-lightbox-title=\"https:\/\/www.yasaka.se\/\" data-e-action-hash=\"#elementor-action%3Aaction%3Dlightbox%26settings%3DeyJpZCI6ODA4LCJ1cmwiOiJodHRwczpcL1wvc3RvY2tob2xtdmV0ZXJhbm9wZW4uc2VcL3dwLWNvbnRlbnRcL3VwbG9hZHNcLzIwMjJcLzAyXC9ZYXNha2Ffc3BvbnNvci5qcGciLCJzbGlkZXNob3ciOiIzMmFiZjQzIn0%3D\" href=\"https:\/\/stockholmveteranopen.se\/wp-content\/uploads\/2022\/02\/Yasaka_sponsor.jpg\"><img loading=\"lazy\" decoding=\"async\" width=\"150\" height=\"150\" src=\"https:\/\/stockholmveteranopen.se\/wp-content\/uploads\/2022\/02\/Yasaka_sponsor-150x150.jpg\" class=\"attachment-thumbnail size-thumbnail\" alt=\"Yasaka\" srcset=\"https:\/\/stockholmveteranopen.se\/wp-content\/uploads\/2022\/02\/Yasaka_sponsor-150x150.jpg 150w, https:\/\/stockholmveteranopen.se\/wp-content\/uploads\/2022\/02\/Yasaka_sponsor-300x300.jpg 300w, https:\/\/stockholmveteranopen.se\/wp-content\/uploads\/2022\/02\/Yasaka_sponsor.jpg 500w\" sizes=\"(max-width: 150px) 100vw, 150px\" \/><\/a>\n\t\t\t<\/div><\/figure><figure class='gallery-item'>\n\t\t\t<div class='gallery-icon landscape'>\n\t\t\t\t<a data-elementor-open-lightbox=\"yes\" data-elementor-lightbox-slideshow=\"32abf43\" data-elementor-lightbox-title=\"https:\/\/www.donic.com\/donic\/en\/\" data-e-action-hash=\"#elementor-action%3Aaction%3Dlightbox%26settings%3DeyJpZCI6ODA3LCJ1cmwiOiJodHRwczpcL1wvc3RvY2tob2xtdmV0ZXJhbm9wZW4uc2VcL3dwLWNvbnRlbnRcL3VwbG9hZHNcLzIwMjJcLzAyXC9Eb25pY19zcG9uc29yLmpwZyIsInNsaWRlc2hvdyI6IjMyYWJmNDMifQ%3D%3D\" data-elementor-lightbox-description=\" \" href=\"https:\/\/stockholmveteranopen.se\/wp-content\/uploads\/2022\/02\/Donic_sponsor.jpg\"><img loading=\"lazy\" decoding=\"async\" width=\"150\" height=\"150\" src=\"https:\/\/stockholmveteranopen.se\/wp-content\/uploads\/2022\/02\/Donic_sponsor-150x150.jpg\" class=\"attachment-thumbnail size-thumbnail\" alt=\"Donic\" srcset=\"https:\/\/stockholmveteranopen.se\/wp-content\/uploads\/2022\/02\/Donic_sponsor-150x150.jpg 150w, https:\/\/stockholmveteranopen.se\/wp-content\/uploads\/2022\/02\/Donic_sponsor-300x300.jpg 300w, https:\/\/stockholmveteranopen.se\/wp-content\/uploads\/2022\/02\/Donic_sponsor.jpg 500w\" sizes=\"(max-width: 150px) 100vw, 150px\" \/><\/a>\n\t\t\t<\/div><\/figure><figure class='gallery-item'>\n\t\t\t<div class='gallery-icon landscape'>\n\t\t\t\t<a data-elementor-open-lightbox=\"yes\" data-elementor-lightbox-slideshow=\"32abf43\" data-elementor-lightbox-title=\"Knivsta-profilklader\" data-e-action-hash=\"#elementor-action%3Aaction%3Dlightbox%26settings%3DeyJpZCI6MTgxNywidXJsIjoiaHR0cHM6XC9cL3N0b2NraG9sbXZldGVyYW5vcGVuLnNlXC93cC1jb250ZW50XC91cGxvYWRzXC8yMDI0XC8wMlwvS25pdnN0YS1wcm9maWxrbGFkZXIuanBnIiwic2xpZGVzaG93IjoiMzJhYmY0MyJ9\" data-elementor-lightbox-description=\" \" href=\"https:\/\/stockholmveteranopen.se\/wp-content\/uploads\/2024\/02\/Knivsta-profilklader.jpg\"><img loading=\"lazy\" decoding=\"async\" width=\"150\" height=\"150\" src=\"https:\/\/stockholmveteranopen.se\/wp-content\/uploads\/2024\/02\/Knivsta-profilklader-150x150.jpg\" class=\"attachment-thumbnail size-thumbnail\" alt=\"\" srcset=\"https:\/\/stockholmveteranopen.se\/wp-content\/uploads\/2024\/02\/Knivsta-profilklader-150x150.jpg 150w, https:\/\/stockholmveteranopen.se\/wp-content\/uploads\/2024\/02\/Knivsta-profilklader-300x300.jpg 300w, https:\/\/stockholmveteranopen.se\/wp-content\/uploads\/2024\/02\/Knivsta-profilklader-768x768.jpg 768w, https:\/\/stockholmveteranopen.se\/wp-content\/uploads\/2024\/02\/Knivsta-profilklader-12x12.jpg 12w, https:\/\/stockholmveteranopen.se\/wp-content\/uploads\/2024\/02\/Knivsta-profilklader.jpg 1000w\" sizes=\"(max-width: 150px) 100vw, 150px\" \/><\/a>\n\t\t\t<\/div><\/figure>\n\t\t<\/div>\n\t\t<\/div>\n\t\t\t\t\t\t<\/div>\n\t\t\t\t<\/div>\n\t\t\t\t\t<\/div>\n\t\t<\/div>\n\t\t\t\t\t<\/div>\n\t\t<\/section>\n\t\t\t\t<\/div>","protected":false},"excerpt":{"rendered":"<p>Fj\u00e4rde upplagan avStockholm veteran open 8-9 Februari 2025 S\u00e4songens t\u00e4vling kommer att spelas i Kungs\u00e4ngen&nbsp; \u00a0 Nyheter T\u00e4vlingsanm\u00e4lan Inbjudan\/program Stream 1 Stream 2 V\u00e5ra sponsorer<\/p>","protected":false},"author":1,"featured_media":0,"parent":0,"menu_order":0,"comment_status":"closed","ping_status":"closed","template":"","meta":{"site-sidebar-layout":"no-sidebar","site-content-layout":"page-builder","ast-global-header-display":"","ast-main-header-display":"","ast-hfb-above-header-display":"","ast-hfb-below-header-display":"","ast-hfb-mobile-header-display":"","site-post-title":"disabled","ast-breadcrumbs-content":"","ast-featured-img":"disabled","footer-sml-layout":"","theme-transparent-header-meta":"enabled","adv-header-id-meta":"","stick-header-meta":"","header-above-stick-meta":"","header-main-stick-meta":"","header-below-stick-meta":"","footnotes":""},"class_list":["post-6","page","type-page","status-publish","hentry"],"_links":{"self":[{"href":"https:\/\/stockholmveteranopen.se\/en\/wp-json\/wp\/v2\/pages\/6","targetHints":{"allow":["GET"]}}],"collection":[{"href":"https:\/\/stockholmveteranopen.se\/en\/wp-json\/wp\/v2\/pages"}],"about":[{"href":"https:\/\/stockholmveteranopen.se\/en\/wp-json\/wp\/v2\/types\/page"}],"author":[{"embeddable":true,"href":"https:\/\/stockholmveteranopen.se\/en\/wp-json\/wp\/v2\/users\/1"}],"replies":[{"embeddable":true,"href":"https:\/\/stockholmveteranopen.se\/en\/wp-json\/wp\/v2\/comments?post=6"}],"version-history":[{"count":183,"href":"https:\/\/stockholmveteranopen.se\/en\/wp-json\/wp\/v2\/pages\/6\/revisions"}],"predecessor-version":[{"id":1984,"href":"https:\/\/stockholmveteranopen.se\/en\/wp-json\/wp\/v2\/pages\/6\/revisions\/1984"}],"wp:attachment":[{"href":"https:\/\/stockholmveteranopen.se\/en\/wp-json\/wp\/v2\/media?parent=6"}],"curies":[{"name":"wp","href":"https:\/\/api.w.org\/{rel}","templated":true}]}}