{"id":698,"date":"2022-01-29T13:20:53","date_gmt":"2022-01-29T13:20:53","guid":{"rendered":"https:\/\/stockholmveteranopen.se\/?page_id=698"},"modified":"2024-10-12T19:13:41","modified_gmt":"2024-10-12T19:13:41","slug":"tavlings-anmalan","status":"publish","type":"page","link":"https:\/\/stockholmveteranopen.se\/en\/tavlings-anmalan\/","title":{"rendered":"Competition registration"},"content":{"rendered":"<div data-elementor-type=\"wp-page\" data-elementor-id=\"698\" class=\"elementor elementor-698\">\n\t\t\t\t\t\t<section class=\"elementor-section elementor-top-section elementor-element elementor-element-6f81wq1 elementor-section-height-min-height elementor-section-boxed elementor-section-height-default elementor-section-items-middle\" data-id=\"6f81wq1\" data-element_type=\"section\" data-e-type=\"section\">\n\t\t\t\t\t\t\t<div class=\"elementor-background-overlay\"><\/div>\n\t\t\t\t\t\t\t<div class=\"elementor-container elementor-column-gap-default\">\n\t\t\t\t\t<div class=\"elementor-column elementor-col-100 elementor-top-column elementor-element elementor-element-167bc27\" data-id=\"167bc27\" data-element_type=\"column\" data-e-type=\"column\">\n\t\t\t<div class=\"elementor-widget-wrap elementor-element-populated\">\n\t\t\t\t\t\t<div class=\"elementor-element elementor-element-b0b4dc8 elementor-widget elementor-widget-heading\" data-id=\"b0b4dc8\" data-element_type=\"widget\" data-e-type=\"widget\" data-widget_type=\"heading.default\">\n\t\t\t\t<div class=\"elementor-widget-container\">\n\t\t\t\t\t<h1 class=\"elementor-heading-title elementor-size-default\">Competition registration<\/h1>\t\t\t\t<\/div>\n\t\t\t\t<\/div>\n\t\t\t\t<section class=\"elementor-section elementor-inner-section elementor-element elementor-element-f3e81dc elementor-section-boxed elementor-section-height-default elementor-section-height-default\" data-id=\"f3e81dc\" data-element_type=\"section\" data-e-type=\"section\">\n\t\t\t\t\t\t<div class=\"elementor-container elementor-column-gap-default\">\n\t\t\t\t\t<div class=\"elementor-column elementor-col-100 elementor-inner-column elementor-element elementor-element-903eae2\" data-id=\"903eae2\" data-element_type=\"column\" data-e-type=\"column\">\n\t\t\t<div class=\"elementor-widget-wrap elementor-element-populated\">\n\t\t\t\t\t\t<div class=\"elementor-element elementor-element-04f322a elementor-widget elementor-widget-text-editor\" data-id=\"04f322a\" data-element_type=\"widget\" data-e-type=\"widget\" data-widget_type=\"text-editor.default\">\n\t\t\t\t<div class=\"elementor-widget-container\">\n\t\t\t\t\t\t\t\t\t<p><span style=\"font-style: inherit; font-weight: inherit; background-color: var(--ast-global-color-4); color: var(--ast-global-color-3);\">Registration should be done by sending an e-mail to:&nbsp;<\/span><span style=\"background-color: var(--ast-global-color-4);\">lasse.ericsson@live.se<\/span><\/p>\n<p><span style=\"font-style: inherit; font-weight: inherit; background-color: var(--ast-global-color-4); color: var(--ast-global-color-3);\">Please attach the following information in the registration mail:<\/span><\/p>\n<p><span style=\"font-style: inherit; font-weight: inherit; background-color: var(--ast-global-color-4); color: var(--ast-global-color-3);\">Name*<br><\/span><span style=\"font-style: inherit; font-weight: inherit; background-color: var(--ast-global-color-4); color: var(--ast-global-color-3);\">Club (country)*<br><\/span><span style=\"font-style: inherit; font-weight: inherit; background-color: var(--ast-global-color-4); color: var(--ast-global-color-3);\">Email*<br><\/span><span style=\"font-style: inherit; font-weight: inherit; background-color: var(--ast-global-color-4); color: var(--ast-global-color-3);\">Phone number*<br>Singles event 1<br>Singels event 2 (women only)<br>Doulbles event and co-player<br>Mixed doubles and co-player<br>Handicap event<\/span><\/p>\n<div><span style=\"font-style: inherit; font-weight: inherit; background-color: var(--ast-global-color-4); color: var(--ast-global-color-3);\">The following events are available:<\/span><br><\/div>\n<p>Men 40 (Born -85 or earlier) \u2013 Singles, Doubles<br aria-hidden=\"true\">Men 45 (Born -80 or earlier) \u2013 Singles, Doubles<br aria-hidden=\"true\">Men 50 (Born -75 or earlier) \u2013 Singles, Doubles<br aria-hidden=\"true\">Men 55 (Born -70 or earlier) \u2013 Singles, Doubles<br aria-hidden=\"true\">Men 60 (Born -65 or earlier) \u2013 Singles, Doubles<br aria-hidden=\"true\">Men 65 (Born -60 or earlier) \u2013 Singles, Doubles<br aria-hidden=\"true\">Men 70 (Born -55 or earlier) \u2013 Singles, Doubles<br aria-hidden=\"true\">Men 75 (Born -50 or earlier) \u2013 Singles, Doubles<br aria-hidden=\"true\">Men 80 (Born -45 or earlier) \u2013 Singles, Doubles<br aria-hidden=\"true\">Men 85 (Born -40 or earlier) \u2013 Singles, Doubles<br aria-hidden=\"true\">Men 90 (Born -35 or earlier) \u2013 Singles, Doubles<br aria-hidden=\"true\">Men's Parkinson A\u00a0\u00a0\u00a0\u00a0\u00a0\u00a0\u00a0\u00a0\u00a0\u00a0\u00a0\u00a0\u00a0\u00a0\u00a0\u00a0\u00a0 \u2013 Singles, Doubles<br aria-hidden=\"true\">Men's Parkinson B\u00a0\u00a0\u00a0\u00a0\u00a0\u00a0\u00a0\u00a0\u00a0\u00a0\u00a0\u00a0\u00a0\u00a0\u00a0\u00a0\u00a0 \u2013 Singles, Doubles<br aria-hidden=\"true\">Women 40 (Born -85 or earlier) \u2013 Singles, Doubles<br aria-hidden=\"true\">Women 45 (Born -80 or earlier) \u2013 Singles, Doubles<br aria-hidden=\"true\">Women 50 (Born -75 or earlier) \u2013 Singles, Doubles<br aria-hidden=\"true\">Women 55 (Born -70 or earlier) \u2013 Singles, Doubles<br aria-hidden=\"true\">Women 60 (Born -65 or earlier) \u2013 Singles, Doubles<br aria-hidden=\"true\">Women 65 (Born -60 or earlier) \u2013 Singles, Doubles<br aria-hidden=\"true\">Women 70 (Born -55 or earlier) \u2013 Singles, Doubles<br aria-hidden=\"true\">Women 75 (Born -50 or earlier) \u2013 Singles, Doubles<br aria-hidden=\"true\">Women 80 (Born -45 or earlier) \u2013 Singles, Doubles<br aria-hidden=\"true\">Women 85 (Born -40 or earlier) \u2013 Singles, Doubles<br aria-hidden=\"true\">Women 90 (Born -35 or earlier) \u2013 Singles, Doubles<br aria-hidden=\"true\">Women's Parkinson\u00a0\u00a0\u00a0\u00a0\u00a0\u00a0\u00a0\u00a0\u00a0\u00a0\u00a0\u00a0\u00a0\u00a0\u00a0\u00a0\u00a0\u00a0\u00a0\u00a0 \u2013 Singles, Doubles<br aria-hidden=\"true\">Mixed 40 (Born -85 or earlier)\u00a0 - Double<br aria-hidden=\"true\">Mixed 55 (Born -70 or earlier)\u00a0 - Double<br aria-hidden=\"true\">Mixed 70 (Born -55 or earlier)\u00a0 - Double<br aria-hidden=\"true\">Handicap is open for all participants - Singles<\/p>\t\t\t\t\t\t\t\t<\/div>\n\t\t\t\t<\/div>\n\t\t\t\t\t<\/div>\n\t\t<\/div>\n\t\t\t\t\t<\/div>\n\t\t<\/section>\n\t\t\t\t\t<\/div>\n\t\t<\/div>\n\t\t\t\t\t<\/div>\n\t\t<\/section>\n\t\t\t\t<\/div>","protected":false},"excerpt":{"rendered":"<p>T\u00e4vlingsanm\u00e4lan Anm\u00e4lan g\u00f6rs till&nbsp;lasse.ericsson@live.se F\u00f6ljande information skall finnas med i anm\u00e4lan: Namn*Klubb*Email*Telefonnummer*Singelklass 1Singelklass 2 (endast damer)Dubbelklass och medspelareMixeddubbelklass och medspelareHandicapklassen F\u00f6ljande klasser finns i \u00e5r: Herrar 40 (F\u00f6dd -85 eller tidigare) \u2013 Singel, DubbelHerrar 45 (F\u00f6dd -80 eller tidigare) \u2013 Singel, DubbelHerrar 50 (F\u00f6dd -75 eller tidigare) \u2013 Singel, DubbelHerrar 55 (F\u00f6dd -70 eller tidigare) &hellip;<\/p>\n<p class=\"read-more\"> <a class=\"\" href=\"https:\/\/stockholmveteranopen.se\/en\/tavlings-anmalan\/\"> <span class=\"screen-reader-text\">Competition registration<\/span> Read More &raquo;<\/a><\/p>","protected":false},"author":1,"featured_media":0,"parent":0,"menu_order":0,"comment_status":"closed","ping_status":"closed","template":"","meta":{"site-sidebar-layout":"no-sidebar","site-content-layout":"page-builder","ast-global-header-display":"","ast-main-header-display":"","ast-hfb-above-header-display":"","ast-hfb-below-header-display":"","ast-hfb-mobile-header-display":"","site-post-title":"disabled","ast-breadcrumbs-content":"","ast-featured-img":"disabled","footer-sml-layout":"","theme-transparent-header-meta":"enabled","adv-header-id-meta":"","stick-header-meta":"","header-above-stick-meta":"","header-main-stick-meta":"","header-below-stick-meta":"","footnotes":""},"class_list":["post-698","page","type-page","status-publish","hentry"],"_links":{"self":[{"href":"https:\/\/stockholmveteranopen.se\/en\/wp-json\/wp\/v2\/pages\/698","targetHints":{"allow":["GET"]}}],"collection":[{"href":"https:\/\/stockholmveteranopen.se\/en\/wp-json\/wp\/v2\/pages"}],"about":[{"href":"https:\/\/stockholmveteranopen.se\/en\/wp-json\/wp\/v2\/types\/page"}],"author":[{"embeddable":true,"href":"https:\/\/stockholmveteranopen.se\/en\/wp-json\/wp\/v2\/users\/1"}],"replies":[{"embeddable":true,"href":"https:\/\/stockholmveteranopen.se\/en\/wp-json\/wp\/v2\/comments?post=698"}],"version-history":[{"count":69,"href":"https:\/\/stockholmveteranopen.se\/en\/wp-json\/wp\/v2\/pages\/698\/revisions"}],"predecessor-version":[{"id":1957,"href":"https:\/\/stockholmveteranopen.se\/en\/wp-json\/wp\/v2\/pages\/698\/revisions\/1957"}],"wp:attachment":[{"href":"https:\/\/stockholmveteranopen.se\/en\/wp-json\/wp\/v2\/media?parent=698"}],"curies":[{"name":"wp","href":"https:\/\/api.w.org\/{rel}","templated":true}]}}